{"id":11,"date":"2019-12-30T02:08:36","date_gmt":"2019-12-30T02:08:36","guid":{"rendered":"https:\/\/fzdesign.com.br\/dsgn\/?page_id=11"},"modified":"2019-12-30T02:08:36","modified_gmt":"2019-12-30T02:08:36","slug":"missao","status":"publish","type":"page","link":"https:\/\/fzdesign.com.br\/dsgn\/missao\/","title":{"rendered":"Miss\u00e3o"},"content":{"rendered":"<p style=\"text-align: justify;\">Eu acredito que todo homem, e toda mulher, deve ter uma grande miss\u00e3o em sua vida. E essa grande miss\u00e3o \u00e9 dividida em v\u00e1rias miss\u00f5es menores.<\/p>\n<p>Uma parte dela na sua vida pessoal, uma na profissional, na sua espiritualidade, na fam\u00edlia, em sua evolu\u00e7\u00e3o, no seu relacionamento com a sociedade, entre muitas outras mais.<\/p>\n<p>O cumprimento ou n\u00e3o dessas miss\u00f5es menores vai determinar a sua realiza\u00e7\u00e3o como um ser humano que n\u00e3o veio neste mundo a passeio.<\/p>\n<p>A\u00a0<i><b>minha<\/b><\/i>\u00a0miss\u00e3o no que se refere ao lado profissional \u00e9 a de excutar o meu trabalho com criatividade, buscando resultados, dentro de um padr\u00e3o de \u00e9tica em que n\u00e3o ultrapasse os limites morais e decentes da comunica\u00e7\u00e3o. Procurar sempre aprimorar as minhas t\u00e9cnicas, aprender novos processos e nunca deixar que a tecnologia obstrua a criatividade e o sentido do trabalho por mim desenvolvido.<\/p>\n<p>\u00c9 sempre procurar atender aos meus clientes oferecendo o melhor dentro da sua realidade, desenvolver o trabalho sempre de maneira clara, transparente e participativa. \u00c9 praticar pre\u00e7os e valores onde todos se sintam confort\u00e1veis e satisfeitos com o que recebem.<\/p>\n<p>\u00c9 trabalhar com determina\u00e7\u00e3o, alegria e motiva\u00e7\u00e3o. Procurar sempre transferir esses sentimentos para o cliente. E cumprir prazos e or\u00e7amentos.<\/p>\n<p>E principalmente transformar o cliente em um parceiro, onde sempre exista a rela\u00e7\u00e3o de trabalho e amizade.<\/p>\n<p>Cumprindo a minha miss\u00e3o profissional tenho certeza que todas as outras ser\u00e3o cumpridas mais facilmente, e eu ajudarei a construir uma sociedade melhor e mais justa.<\/p>\n<p>Em tempo: a imagem a\u00ed em cima n\u00e3o \u00e9 o p\u00f4r do sol. \u00c9 o nascer do sol, pois nossa miss\u00e3o continua a cada dia, recome\u00e7a a cada manh\u00e3.<\/p>\n","protected":false},"excerpt":{"rendered":"<p>Eu acredito que todo homem, e toda mulher, deve ter uma grande miss\u00e3o em sua vida. E essa grande miss\u00e3o \u00e9 dividida em v\u00e1rias miss\u00f5es menores. Uma parte dela na sua vida pessoal, uma na profissional, na sua espiritualidade, na fam\u00edlia, em sua evolu\u00e7\u00e3o, no seu relacionamento com a sociedade, entre muitas outras mais. O<span class=\"post-excerpt-end\">&hellip;<\/span><\/p>\n<p class=\"more-link\"><a href=\"https:\/\/fzdesign.com.br\/dsgn\/missao\/\" class=\"themebutton\">Read More<\/a><\/p>\n","protected":false},"author":1,"featured_media":0,"parent":0,"menu_order":0,"comment_status":"closed","ping_status":"closed","template":"","meta":{"footnotes":""},"class_list":["post-11","page","type-page","status-publish","hentry"],"_links":{"self":[{"href":"https:\/\/fzdesign.com.br\/dsgn\/wp-json\/wp\/v2\/pages\/11","targetHints":{"allow":["GET"]}}],"collection":[{"href":"https:\/\/fzdesign.com.br\/dsgn\/wp-json\/wp\/v2\/pages"}],"about":[{"href":"https:\/\/fzdesign.com.br\/dsgn\/wp-json\/wp\/v2\/types\/page"}],"author":[{"embeddable":true,"href":"https:\/\/fzdesign.com.br\/dsgn\/wp-json\/wp\/v2\/users\/1"}],"replies":[{"embeddable":true,"href":"https:\/\/fzdesign.com.br\/dsgn\/wp-json\/wp\/v2\/comments?post=11"}],"version-history":[{"count":1,"href":"https:\/\/fzdesign.com.br\/dsgn\/wp-json\/wp\/v2\/pages\/11\/revisions"}],"predecessor-version":[{"id":12,"href":"https:\/\/fzdesign.com.br\/dsgn\/wp-json\/wp\/v2\/pages\/11\/revisions\/12"}],"wp:attachment":[{"href":"https:\/\/fzdesign.com.br\/dsgn\/wp-json\/wp\/v2\/media?parent=11"}],"curies":[{"name":"wp","href":"https:\/\/api.w.org\/{rel}","templated":true}]}}