{"id":29,"date":"2019-12-30T03:38:12","date_gmt":"2019-12-30T03:38:12","guid":{"rendered":"https:\/\/fzdesign.com.br\/dsgn\/?page_id=29"},"modified":"2020-01-02T00:54:24","modified_gmt":"2020-01-02T03:54:24","slug":"servicos","status":"publish","type":"page","link":"https:\/\/fzdesign.com.br\/dsgn\/servicos\/","title":{"rendered":"Servi\u00e7os"},"content":{"rendered":"<h3 class=\"s15\" style=\"text-align: justify;\">Identidade<\/h3>\n<p class=\"s12\" style=\"text-align: justify;\" align=\"justify\">Toda empresa, profissional liberal, produto ou neg\u00f3cio deve ter a sua identidade perante o mercado. Isso significa que ele deve ter uma marca, uma simbologia ou tipologia que transmita para a sociedade onde ele atua os seus objetivos e conceitos. Para que uma marca, logomarca ou logotipo seja eficiente devemos seguir todo um processo conjunto de pesquisa, cria\u00e7\u00e3o e desenvolvimento, onde junto com o cliente se chegue a um resultado impactante e efetivo.<\/p>\n<hr \/>\n<h3 class=\"s15\" style=\"text-align: justify;\">Redes Sociais<\/h3>\n<p class=\"s12\" style=\"text-align: justify;\" align=\"justify\">Hoje \u00e9 impens\u00e1vel uma empresa ou um profissional liberal n\u00e3o ter presen\u00e7a nas redes sociais. Postagens bem pensadas e bem produzidas trazem resultados bastante positivos e r\u00e1pidos, impactando diretamente nas vendas, reconhecimento da marca e dos produtos e servi\u00e7os.<\/p>\n<hr \/>\n<h3 class=\"s15\" style=\"text-align: justify;\">Print<\/h3>\n<p class=\"s12\" style=\"text-align: justify;\" align=\"justify\">A produ\u00e7\u00e3o dos impressos de uma empresa deve ser muito bem cuidada. Seja um cart\u00e3o de visitas ou um cat\u00e1logo de produtos, tudo deve ser harmonioso e coerente com a marca, e seguir os objetivos desejados. Avaliar os melhores formatos e estilos de impress\u00e3o, as t\u00e9cnicas utilizadas e o aproveitamento, bem como as imagens que far\u00e3o parte dos impressos. Um impresso bem planejado e produzido se traduz em novos neg\u00f3cios e vendas para a empresa.<\/p>\n<hr noshade=\"noshade\" size=\"1\" \/>\n<h3 class=\"s15\" style=\"text-align: justify;\">Internet<\/h3>\n<p class=\"s12\" style=\"text-align: justify;\" align=\"justify\">Nos dias de hoje \u00e9 inconceb\u00edvel que qualquer empresa, produto, profissional liberal ou iniciativa, n\u00e3o tenha seu web site. Estar presente no universo virtual \u00e9 at\u00e9 mais importante do que estar efetivamente instalado no mundo real. \u00c9 praticamente uma obriga\u00e7\u00e3o mostrar nesse universo os objetivos, produtos, servi\u00e7os, conceitos e possibilidades de seu neg\u00f3cio. Para que isso aconte\u00e7a, pesquisa, dinamismo, leveza e um bom conte\u00fado s\u00e3o indispens\u00e1veis para que a sua empresa tenha presen\u00e7a efetiva no mundo eletr\u00f4nico da internet.<\/p>\n<hr noshade=\"noshade\" size=\"1\" \/>\n<h3 class=\"s15\" style=\"text-align: justify;\">Fotografia<\/h3>\n<p class=\"s12\" style=\"text-align: justify;\" align=\"justify\">A m\u00e1xima\u00a0<b><i>&#8220;uma imagem vale mais que mil palavras&#8221;<\/i><\/b>\u00a0se aplica muito bem aqui. Uma fotografia, al\u00e9m de ilustrar, complementa todo um processo informativo, esteja ele em um impresso, em um web site e at\u00e9 mesmo em um v\u00eddeo. E o uso de equipamentos digitais amplia as possibilidades de produ\u00e7\u00e3o de imagens, oferecendo aos trabalhos novos conceitos visuais que enriquecem e complementam o trabalho.<\/p>\n<hr noshade=\"noshade\" size=\"1\" \/>\n<h3 class=\"s15\" style=\"text-align: justify;\">M\u00eddia<\/h3>\n<p class=\"s12\" style=\"text-align: justify;\" align=\"justify\">Em muitos casos um bom planejamento de m\u00eddia \u00e9 essencial. Ou seja, aonde o cliente vai efetivar os seus recursos para maximizar a amplitude de sa comunica\u00e7\u00e3o. Uma boa avalia\u00e7\u00e3o das m\u00eddias tradicionais junto com as alternativas oferece mais possibilidades e tamb\u00e9m direciona a produ\u00e7\u00e3o das pe\u00e7as de comunica\u00e7\u00e3o.<\/p>\n<hr noshade=\"noshade\" size=\"1\" \/>\n<h3 class=\"s15\" style=\"text-align: justify;\">V\u00eddeo<\/h3>\n<p class=\"s12\" style=\"text-align: justify;\" align=\"justify\">Onde a imagem se junta com as palavras. A cria\u00e7\u00e3o e produ\u00e7\u00e3o de um v\u00eddeo, seja ele institucional ou comercial, transmite ao mercado a maturidade da empresa ou do produto. Um bom roteiro aliado \u00e0 uma boa produ\u00e7\u00e3o e edi\u00e7\u00e3o transforma imagens em uma pe\u00e7a de comunica\u00e7\u00e3o poderosa, gerando resultados positivos, comerciais ou institucionais.<\/p>\n<hr noshade=\"noshade\" size=\"1\" \/>\n<h3 class=\"s15\" style=\"text-align: justify;\">3 D<\/h3>\n<p class=\"s12\" style=\"text-align: justify;\" align=\"justify\">Um novo conceito que estou inserindo em meu trabalho, onde possibilita ir um pouco mais al\u00e9m na imagina\u00e7\u00e3o e cria\u00e7\u00e3o. Seja para ilustra\u00e7\u00f5es ou anima\u00e7\u00f5es, as ferramentas de cria\u00e7\u00e3o em tr\u00eas dimens\u00f5es extrapolam os limites conhecidos, nos abrindo universos de novas possibilidades.<\/p>\n<hr noshade=\"noshade\" size=\"1\" \/>\n<h3 class=\"s15\" style=\"text-align: justify;\">Outros<\/h3>\n<p class=\"s12\" style=\"text-align: justify;\" align=\"justify\">Al\u00e9m das tradicionais vias da comunica\u00e7\u00e3o descritas acima, tamb\u00e9m desenvolvo outras pe\u00e7as e meios onde se necessite de criatividade, imagina\u00e7\u00e3o e supera\u00e7\u00e3o de obst\u00e1culos. Seja na cria\u00e7\u00e3o e constru\u00e7\u00e3o de um stand para uma feira ou na reda\u00e7\u00e3o de uma pequena pe\u00e7a de teatro para a apresenta\u00e7\u00e3o de um novo produto. Em caso de d\u00favida, entre em contato e fa\u00e7a uma consulta.<\/p>\n","protected":false},"excerpt":{"rendered":"<p>Identidade Toda empresa, profissional liberal, produto ou neg\u00f3cio deve ter a sua identidade perante o mercado. Isso significa que ele deve ter uma marca, uma simbologia ou tipologia que transmita para a sociedade onde ele atua os seus objetivos e conceitos. Para que uma marca, logomarca ou logotipo seja eficiente devemos seguir todo um processo<span class=\"post-excerpt-end\">&hellip;<\/span><\/p>\n<p class=\"more-link\"><a href=\"https:\/\/fzdesign.com.br\/dsgn\/servicos\/\" class=\"themebutton\">Read More<\/a><\/p>\n","protected":false},"author":1,"featured_media":0,"parent":0,"menu_order":0,"comment_status":"closed","ping_status":"closed","template":"","meta":{"footnotes":""},"class_list":["post-29","page","type-page","status-publish","hentry"],"_links":{"self":[{"href":"https:\/\/fzdesign.com.br\/dsgn\/wp-json\/wp\/v2\/pages\/29","targetHints":{"allow":["GET"]}}],"collection":[{"href":"https:\/\/fzdesign.com.br\/dsgn\/wp-json\/wp\/v2\/pages"}],"about":[{"href":"https:\/\/fzdesign.com.br\/dsgn\/wp-json\/wp\/v2\/types\/page"}],"author":[{"embeddable":true,"href":"https:\/\/fzdesign.com.br\/dsgn\/wp-json\/wp\/v2\/users\/1"}],"replies":[{"embeddable":true,"href":"https:\/\/fzdesign.com.br\/dsgn\/wp-json\/wp\/v2\/comments?post=29"}],"version-history":[{"count":4,"href":"https:\/\/fzdesign.com.br\/dsgn\/wp-json\/wp\/v2\/pages\/29\/revisions"}],"predecessor-version":[{"id":435,"href":"https:\/\/fzdesign.com.br\/dsgn\/wp-json\/wp\/v2\/pages\/29\/revisions\/435"}],"wp:attachment":[{"href":"https:\/\/fzdesign.com.br\/dsgn\/wp-json\/wp\/v2\/media?parent=29"}],"curies":[{"name":"wp","href":"https:\/\/api.w.org\/{rel}","templated":true}]}}