{"id":8,"date":"2019-12-30T01:49:46","date_gmt":"2019-12-30T01:49:46","guid":{"rendered":"https:\/\/fzdesign.com.br\/dsgn\/?page_id=8"},"modified":"2019-12-30T01:50:04","modified_gmt":"2019-12-30T01:50:04","slug":"curriculo","status":"publish","type":"page","link":"https:\/\/fzdesign.com.br\/dsgn\/curriculo\/","title":{"rendered":"Curr\u00edculo"},"content":{"rendered":"<p style=\"text-align: justify;\">Meu nome \u00e9 Fernando Zavarelli, paulistano de nascimento e americanense de cora\u00e7\u00e3o.<\/p>\n<p style=\"text-align: justify;\">Sou formado em Processamento de Dados pela UNIMEP. Isso aconteceu em 1987 e durante alguns anos eu trabalhei na \u00e1rea de inform\u00e1tica e processamento de dados, numa \u00e9poca em que computadores eram mais raros do que discos voadores.<\/p>\n<p style=\"text-align: justify;\">Fiz processamento de dados em lotes, desenvolvi programas e sistemas e ajudei a informatizar algumas empresas da cidade.<\/p>\n<p style=\"text-align: justify;\">Por volta de 1996 come\u00e7aram a aparecer no mercado brasileiro as primeiras impressoras laser e os primeiros softwares gr\u00e1ficos, que conseguiam produzir os textos justificados, ou seja, onde uma letra n\u00e3o ocupava o mesmo espa\u00e7o da outra, como nas antigas (e ainda existentes) impressoras matriciais.<\/p>\n<p style=\"text-align: justify;\">Pronto. Come\u00e7ava a\u00ed o meu caminho na \u00e1rea de comunica\u00e7\u00e3o, publicidade e propaganda. Oferecendo os meus conhecimentos t\u00e9cnicos na \u00e1rea de computa\u00e7\u00e3o para as pessoas que trabalhavam com comunica\u00e7\u00e3o e design. Foi uma troca necess\u00e1ria de conhecimentos, para que a parceria funcionasse.<\/p>\n<p style=\"text-align: justify;\">N\u00e3o demorou muito para que eu descobrisse e sentisse que a \u00e1rea de comunica\u00e7\u00e3o e design gr\u00e1fico era muito mais bacana que a de sistemas e cada vez mais fui me aprofundando, adquirindo conhecimentos e aprendendo as t\u00e9cnicas e o vocabul\u00e1rio.<\/p>\n<p style=\"text-align: justify;\">Ent\u00e3o come\u00e7ou uma &#8220;mixagem&#8221; na minha vida profissional, onde eu continuava desenvolvendo os trabalhos de computa\u00e7\u00e3o como ganha-p\u00e3o e aprendia um novo of\u00edcio, sempre perguntando, produzindo, errando, enfim, aprendendo.<\/p>\n<p style=\"text-align: justify;\">Em 1998 fui trabalhar em uma ag\u00eancia de publicidade, entrando mais com os meus conhecimentos de inform\u00e1tica do que os de comunica\u00e7\u00e3o, claro. Esse momento foi o que ocasionou a minha decis\u00e3o em abandonar a \u00e1rea da inform\u00e1tica e abra\u00e7ar de vez a de comunica\u00e7\u00e3o e publicidade.<\/p>\n<p style=\"text-align: justify;\">De l\u00e1 pra c\u00e1 trabalhei em alguns lugares, fui s\u00f3cio de ag\u00eancias e prestei servi\u00e7os.<\/p>\n<p style=\"text-align: justify;\">Dentro da \u00e1rea fiz e continuo fazendo de tudo muito. Produ\u00e7\u00e3o gr\u00e1fica, logotipos, m\u00eddia, an\u00fancios, edi\u00e7\u00e3o de \u00e1udio, programas de r\u00e1dio, internet, out-doors, programas de TV, etc, etc, etc. Desenvolvi pe\u00e7as para praticamente todas as \u00e1reas da comunica\u00e7\u00e3o.<\/p>\n<p style=\"text-align: justify;\">Recentemente conclu\u00ed a minha segunda faculdade: Design Gr\u00e1fico, na Faculdade de Americana &#8211; FAM. Foi uma experi\u00eancia muito bacana, pois mesmo com todos os meus anos de trabalho aprendi muita coisa nova, fiz muitas amizades e descobri v\u00e1rias outras facetas do design gr\u00e1fico.<\/p>\n<p style=\"text-align: justify;\">E fique a vontade para entrar em contato comigo, seja para uma simples pergunta ou para uma campanha inteira para a sua empresa. Estou esperando !<\/p>\n","protected":false},"excerpt":{"rendered":"<p>Meu nome \u00e9 Fernando Zavarelli, paulistano de nascimento e americanense de cora\u00e7\u00e3o. Sou formado em Processamento de Dados pela UNIMEP. Isso aconteceu em 1987 e durante alguns anos eu trabalhei na \u00e1rea de inform\u00e1tica e processamento de dados, numa \u00e9poca em que computadores eram mais raros do que discos voadores. Fiz processamento de dados em<span class=\"post-excerpt-end\">&hellip;<\/span><\/p>\n<p class=\"more-link\"><a href=\"https:\/\/fzdesign.com.br\/dsgn\/curriculo\/\" class=\"themebutton\">Read More<\/a><\/p>\n","protected":false},"author":1,"featured_media":0,"parent":0,"menu_order":0,"comment_status":"closed","ping_status":"closed","template":"","meta":{"footnotes":""},"class_list":["post-8","page","type-page","status-publish","hentry"],"_links":{"self":[{"href":"https:\/\/fzdesign.com.br\/dsgn\/wp-json\/wp\/v2\/pages\/8","targetHints":{"allow":["GET"]}}],"collection":[{"href":"https:\/\/fzdesign.com.br\/dsgn\/wp-json\/wp\/v2\/pages"}],"about":[{"href":"https:\/\/fzdesign.com.br\/dsgn\/wp-json\/wp\/v2\/types\/page"}],"author":[{"embeddable":true,"href":"https:\/\/fzdesign.com.br\/dsgn\/wp-json\/wp\/v2\/users\/1"}],"replies":[{"embeddable":true,"href":"https:\/\/fzdesign.com.br\/dsgn\/wp-json\/wp\/v2\/comments?post=8"}],"version-history":[{"count":2,"href":"https:\/\/fzdesign.com.br\/dsgn\/wp-json\/wp\/v2\/pages\/8\/revisions"}],"predecessor-version":[{"id":10,"href":"https:\/\/fzdesign.com.br\/dsgn\/wp-json\/wp\/v2\/pages\/8\/revisions\/10"}],"wp:attachment":[{"href":"https:\/\/fzdesign.com.br\/dsgn\/wp-json\/wp\/v2\/media?parent=8"}],"curies":[{"name":"wp","href":"https:\/\/api.w.org\/{rel}","templated":true}]}}